{"id":690,"date":"2025-11-29T19:42:38","date_gmt":"2025-11-29T19:42:38","guid":{"rendered":"https:\/\/sisaviacion.com\/?page_id=690"},"modified":"2025-12-03T20:38:46","modified_gmt":"2025-12-03T20:38:46","slug":"contacto","status":"publish","type":"page","link":"https:\/\/sisaviacion.com\/en\/contacto\/","title":{"rendered":"Contact us"},"content":{"rendered":"<div data-elementor-type=\"wp-post\" data-elementor-id=\"690\" class=\"elementor elementor-690\" data-elementor-post-type=\"page\">\n\t\t\t\t<div class=\"elementor-element elementor-element-d3c9d36 e-flex e-con-boxed e-con e-parent\" data-id=\"d3c9d36\" data-element_type=\"container\" data-settings=\"{&quot;background_background&quot;:&quot;classic&quot;}\">\n\t\t\t\t\t<div class=\"e-con-inner\">\n\t\t<div class=\"elementor-element elementor-element-69ab448 e-con-full e-flex e-con e-child\" data-id=\"69ab448\" data-element_type=\"container\">\n\t\t\t\t<\/div>\n\t\t<div class=\"elementor-element elementor-element-3c8c74f e-con-full e-flex e-con e-child\" data-id=\"3c8c74f\" data-element_type=\"container\">\n\t\t<div class=\"elementor-element elementor-element-e3781aa e-con-full e-flex e-con e-child\" data-id=\"e3781aa\" data-element_type=\"container\" data-settings=\"{&quot;background_background&quot;:&quot;classic&quot;}\">\n\t\t\t\t<div class=\"elementor-element elementor-element-98d8908 elementor-invisible elementor-widget elementor-widget-heading\" data-id=\"98d8908\" data-element_type=\"widget\" data-settings=\"{&quot;_animation&quot;:&quot;fadeInUp&quot;}\" data-widget_type=\"heading.default\">\n\t\t\t\t\t<h2 class=\"elementor-heading-title elementor-size-default\">Contact us<\/h2>\t\t\t\t<\/div>\n\t\t\t\t<div class=\"elementor-element elementor-element-b14df39 elementor-invisible elementor-widget elementor-widget-text-editor\" data-id=\"b14df39\" data-element_type=\"widget\" data-settings=\"{&quot;_animation&quot;:&quot;fadeInUp&quot;}\" data-widget_type=\"text-editor.default\">\n\t\t\t\t\t\t\t\t\t<p><span style=\"color: #00bcd8;\"><strong>Corporate Headquarters<\/strong><\/span><br \/>Guaymaral Airport<br \/>Hangar 14<br \/>Bogot\u00e1 &#8211; Colombia<\/p>\t\t\t\t\t\t\t\t<\/div>\n\t\t\t\t<div class=\"elementor-element elementor-element-e9f1a38 elementor-widget-divider--view-line elementor-widget elementor-widget-divider\" data-id=\"e9f1a38\" data-element_type=\"widget\" data-widget_type=\"divider.default\">\n\t\t\t\t\t\t\t<div class=\"elementor-divider\">\n\t\t\t<span class=\"elementor-divider-separator\">\n\t\t\t\t\t\t<\/span>\n\t\t<\/div>\n\t\t\t\t\t\t<\/div>\n\t\t\t\t<div class=\"elementor-element elementor-element-6ddb046 elementor-invisible elementor-widget elementor-widget-text-editor\" data-id=\"6ddb046\" data-element_type=\"widget\" data-settings=\"{&quot;_animation&quot;:&quot;fadeInUp&quot;}\" data-widget_type=\"text-editor.default\">\n\t\t\t\t\t\t\t\t\t<p><span class=\"elementor-icon-list-text\">Email: direccioncomercial@sisgnss.com<\/span><\/p>\n<p><span class=\"elementor-icon-list-text\">phone (+57) 3134628096<\/span><\/p>\t\t\t\t\t\t\t\t<\/div>\n\t\t\t\t<\/div>\n\t\t<div class=\"elementor-element elementor-element-83f4500 e-con-full e-flex e-con e-child\" data-id=\"83f4500\" data-element_type=\"container\" data-settings=\"{&quot;background_background&quot;:&quot;classic&quot;}\">\n\t\t\t\t<div class=\"elementor-element elementor-element-fc2f702 elementor-widget elementor-widget-heading\" data-id=\"fc2f702\" data-element_type=\"widget\" data-widget_type=\"heading.default\">\n\t\t\t\t\t<h2 class=\"elementor-heading-title elementor-size-default\">Write to us for personalized advice<\/h2>\t\t\t\t<\/div>\n\t\t\t\t<div class=\"elementor-element elementor-element-e8eaa92 elementor-button-align-start elementor-widget elementor-widget-form\" data-id=\"e8eaa92\" data-element_type=\"widget\" data-settings=\"{&quot;step_next_label&quot;:&quot;Next&quot;,&quot;step_previous_label&quot;:&quot;Previous&quot;,&quot;button_width&quot;:&quot;100&quot;,&quot;step_type&quot;:&quot;number_text&quot;,&quot;step_icon_shape&quot;:&quot;circle&quot;}\" data-widget_type=\"form.default\">\n\t\t\t\t\t\t\t<form class=\"elementor-form\" method=\"post\" name=\"New Form\" aria-label=\"New Form\" action=\"\">\r\n\t\t\t<input type=\"hidden\" name=\"post_id\" value=\"690\"\/>\r\n\t\t\t<input type=\"hidden\" name=\"form_id\" value=\"e8eaa92\"\/>\r\n\t\t\t<input type=\"hidden\" name=\"referer_title\" value=\"SIS Aviaci\u00f3n\" \/>\r\n\r\n\t\t\t\r\n\t\t\t<div class=\"elementor-form-fields-wrapper elementor-labels-above\">\r\n\t\t\t\t\t\t\t\t<div class=\"elementor-field-type-text elementor-field-group elementor-column elementor-field-group-name elementor-col-50 elementor-field-required\">\r\n\t\t\t\t\t\t\t\t\t\t\t\t\t<input size=\"1\" type=\"text\" name=\"form_fields[name]\" id=\"form-field-name\" class=\"elementor-field elementor-size-sm  elementor-field-textual\" placeholder=\"Name*\" required=\"required\">\r\n\t\t\t\t\t\t\t\t\t\t\t<\/div>\r\n\t\t\t\t\t\t\t\t<div class=\"elementor-field-type-text elementor-field-group elementor-column elementor-field-group-email elementor-col-50 elementor-field-required\">\r\n\t\t\t\t\t\t\t\t\t\t\t\t\t<input size=\"1\" type=\"text\" name=\"form_fields[email]\" id=\"form-field-email\" class=\"elementor-field elementor-size-sm  elementor-field-textual\" placeholder=\"Last name*\" required=\"required\">\r\n\t\t\t\t\t\t\t\t\t\t\t<\/div>\r\n\t\t\t\t\t\t\t\t<div class=\"elementor-field-type-email elementor-field-group elementor-column elementor-field-group-field_8ff9bad elementor-col-50 elementor-field-required\">\r\n\t\t\t\t\t\t\t\t\t\t\t\t\t<input size=\"1\" type=\"email\" name=\"form_fields[field_8ff9bad]\" id=\"form-field-field_8ff9bad\" class=\"elementor-field elementor-size-sm  elementor-field-textual\" placeholder=\"Email*\" required=\"required\">\r\n\t\t\t\t\t\t\t\t\t\t\t<\/div>\r\n\t\t\t\t\t\t\t\t<div class=\"elementor-field-type-tel elementor-field-group elementor-column elementor-field-group-field_fe35a92 elementor-col-50 elementor-field-required\">\r\n\t\t\t\t\t\t\t<input size=\"1\" type=\"tel\" name=\"form_fields[field_fe35a92]\" id=\"form-field-field_fe35a92\" class=\"elementor-field elementor-size-sm  elementor-field-textual\" placeholder=\"Tel\u00e9fono*\" required=\"required\" pattern=\"[0-9()#&amp;+*-=.]+\" title=\"Only numbers and phone characters (#, -, *, etc) are accepted.\">\r\n\r\n\t\t\t\t\t\t<\/div>\r\n\t\t\t\t\t\t\t\t<div class=\"elementor-field-type-text elementor-field-group elementor-column elementor-field-group-field_69d9963 elementor-col-100 elementor-field-required\">\r\n\t\t\t\t\t\t\t\t\t\t\t\t\t<input size=\"1\" type=\"text\" name=\"form_fields[field_69d9963]\" id=\"form-field-field_69d9963\" class=\"elementor-field elementor-size-sm  elementor-field-textual\" placeholder=\"City*\" required=\"required\">\r\n\t\t\t\t\t\t\t\t\t\t\t<\/div>\r\n\t\t\t\t\t\t\t\t<div class=\"elementor-field-type-textarea elementor-field-group elementor-column elementor-field-group-message elementor-col-100 elementor-field-required\">\r\n\t\t\t\t\t<textarea class=\"elementor-field-textual elementor-field  elementor-size-sm\" name=\"form_fields[message]\" id=\"form-field-message\" rows=\"4\" placeholder=\"Message*\" required=\"required\"><\/textarea>\t\t\t\t<\/div>\r\n\t\t\t\t\t\t\t\t<div class=\"elementor-field-type-acceptance elementor-field-group elementor-column elementor-field-group-field_9180ee7 elementor-col-100 elementor-field-required\">\r\n\t\t\t\t\t\t\t<div class=\"elementor-field-subgroup\">\r\n\t\t\t<span class=\"elementor-field-option\">\r\n\t\t\t\t<input type=\"checkbox\" name=\"form_fields[field_9180ee7]\" id=\"form-field-field_9180ee7\" class=\"elementor-field elementor-size-sm  elementor-acceptance-field\" required=\"required\">\r\n\t\t\t\t<label for=\"form-field-field_9180ee7\">I consent to the collection and storage of the submitted data in accordance with <a href=\"https:\/\/sisaviacion.com\/en\/privacy-policy\/\" \n   target=\"_blank\" \n   rel=\"noopener noreferrer\"\n   style=\"font-size:14px; font-weight:bold; color:#54595f; text-decoration:none;\">\n   PERSONAL DATA PROCESSING POLICY\n<\/a><\/label>\t\t\t<\/span>\r\n\t\t<\/div>\r\n\t\t\t\t\t\t<\/div>\r\n\t\t\t\t\t\t\t\t<div class=\"elementor-field-group elementor-column elementor-field-type-submit elementor-col-100 e-form__buttons\">\r\n\t\t\t\t\t<button class=\"elementor-button elementor-size-sm\" type=\"submit\">\r\n\t\t\t\t\t\t<span class=\"elementor-button-content-wrapper\">\r\n\t\t\t\t\t\t\t\t\t\t\t\t\t\t\t\t\t\t\t\t\t\t<span class=\"elementor-button-text\">Submit<\/span>\r\n\t\t\t\t\t\t\t\t\t\t\t\t\t<\/span>\r\n\t\t\t\t\t<\/button>\r\n\t\t\t\t<\/div>\r\n\t\t\t<\/div>\r\n\t\t<input type=\"hidden\" name=\"trp-form-language\" value=\"en\"\/><\/form>\r\n\t\t\t\t\t\t<\/div>\n\t\t\t\t<\/div>\n\t\t\t\t<\/div>\n\t\t\t\t\t<\/div>\n\t\t\t\t<\/div>\n\t\t\t\t<\/div>","protected":false},"excerpt":{"rendered":"<p>Contacto Sede CorporativaAeropuerto GuaymaralHangar 14Bogot\u00e1 &#8211; Colombia Email: direccioncomercial@sisgnss.com Tel\u00e9fono (+57) 3134628096 Escr\u00edbanos para darle asesor\u00eda personalizada<\/p>","protected":false},"author":1,"featured_media":0,"parent":0,"menu_order":0,"comment_status":"closed","ping_status":"closed","template":"","meta":{"footnotes":""},"class_list":["post-690","page","type-page","status-publish","hentry"],"yoast_head":"<!-- This site is optimized with the Yoast SEO plugin v26.6 - https:\/\/yoast.com\/wordpress\/plugins\/seo\/ -->\n<title>Contacto - SIS Aviaci\u00f3n<\/title>\n<meta name=\"robots\" content=\"index, follow, max-snippet:-1, max-image-preview:large, max-video-preview:-1\" \/>\n<link rel=\"canonical\" href=\"https:\/\/sisaviacion.com\/en\/contacto\/\" \/>\n<meta property=\"og:locale\" content=\"en_US\" \/>\n<meta property=\"og:type\" content=\"article\" \/>\n<meta property=\"og:title\" content=\"Contacto - SIS Aviaci\u00f3n\" \/>\n<meta property=\"og:description\" content=\"Contacto Sede CorporativaAeropuerto GuaymaralHangar 14Bogot\u00e1 &#8211; Colombia Email: direccioncomercial@sisgnss.com Tel\u00e9fono (+57) 3134628096 Escr\u00edbanos para darle asesor\u00eda personalizada\" \/>\n<meta property=\"og:url\" content=\"https:\/\/sisaviacion.com\/en\/contacto\/\" \/>\n<meta property=\"og:site_name\" content=\"SIS Aviaci\u00f3n\" \/>\n<meta property=\"article:modified_time\" content=\"2025-12-03T20:38:46+00:00\" \/>\n<meta property=\"og:image\" content=\"https:\/\/sisaviacion.com\/wp-content\/uploads\/2025\/12\/Sis-Aviacion.jpeg\" \/>\n\t<meta property=\"og:image:width\" content=\"1280\" \/>\n\t<meta property=\"og:image:height\" content=\"671\" \/>\n\t<meta property=\"og:image:type\" content=\"image\/jpeg\" \/>\n<meta name=\"twitter:card\" content=\"summary_large_image\" \/>\n<script type=\"application\/ld+json\" class=\"yoast-schema-graph\">{\"@context\":\"https:\/\/schema.org\",\"@graph\":[{\"@type\":\"WebPage\",\"@id\":\"https:\/\/sisaviacion.com\/contacto\/\",\"url\":\"https:\/\/sisaviacion.com\/contacto\/\",\"name\":\"Contacto - SIS Aviaci\u00f3n\",\"isPartOf\":{\"@id\":\"https:\/\/sisaviacion.com\/#website\"},\"datePublished\":\"2025-11-29T19:42:38+00:00\",\"dateModified\":\"2025-12-03T20:38:46+00:00\",\"breadcrumb\":{\"@id\":\"https:\/\/sisaviacion.com\/contacto\/#breadcrumb\"},\"inLanguage\":\"en-US\",\"potentialAction\":[{\"@type\":\"ReadAction\",\"target\":[\"https:\/\/sisaviacion.com\/contacto\/\"]}]},{\"@type\":\"BreadcrumbList\",\"@id\":\"https:\/\/sisaviacion.com\/contacto\/#breadcrumb\",\"itemListElement\":[{\"@type\":\"ListItem\",\"position\":1,\"name\":\"Portada\",\"item\":\"https:\/\/sisaviacion.com\/\"},{\"@type\":\"ListItem\",\"position\":2,\"name\":\"Contacto\"}]},{\"@type\":\"WebSite\",\"@id\":\"https:\/\/sisaviacion.com\/#website\",\"url\":\"https:\/\/sisaviacion.com\/\",\"name\":\"SIS Aviaci\u00f3n\",\"description\":\"Comprometidos con operaciones a\u00e9reas seguras y confiables\",\"publisher\":{\"@id\":\"https:\/\/sisaviacion.com\/#organization\"},\"potentialAction\":[{\"@type\":\"SearchAction\",\"target\":{\"@type\":\"EntryPoint\",\"urlTemplate\":\"https:\/\/sisaviacion.com\/?s={search_term_string}\"},\"query-input\":{\"@type\":\"PropertyValueSpecification\",\"valueRequired\":true,\"valueName\":\"search_term_string\"}}],\"inLanguage\":\"en-US\"},{\"@type\":\"Organization\",\"@id\":\"https:\/\/sisaviacion.com\/#organization\",\"name\":\"SIS Aviaci\u00f3n\",\"url\":\"https:\/\/sisaviacion.com\/\",\"logo\":{\"@type\":\"ImageObject\",\"inLanguage\":\"en-US\",\"@id\":\"https:\/\/sisaviacion.com\/#\/schema\/logo\/image\/\",\"url\":\"https:\/\/sisaviacion.com\/wp-content\/uploads\/2025\/11\/Logo-SIS.png\",\"contentUrl\":\"https:\/\/sisaviacion.com\/wp-content\/uploads\/2025\/11\/Logo-SIS.png\",\"width\":246,\"height\":57,\"caption\":\"SIS Aviaci\u00f3n\"},\"image\":{\"@id\":\"https:\/\/sisaviacion.com\/#\/schema\/logo\/image\/\"}}]}<\/script>\n<!-- \/ Yoast SEO plugin. -->","yoast_head_json":{"title":"Contacto - SIS Aviaci\u00f3n","robots":{"index":"index","follow":"follow","max-snippet":"max-snippet:-1","max-image-preview":"max-image-preview:large","max-video-preview":"max-video-preview:-1"},"canonical":"https:\/\/sisaviacion.com\/en\/contacto\/","og_locale":"en_US","og_type":"article","og_title":"Contacto - SIS Aviaci\u00f3n","og_description":"Contacto Sede CorporativaAeropuerto GuaymaralHangar 14Bogot\u00e1 &#8211; Colombia Email: direccioncomercial@sisgnss.com Tel\u00e9fono (+57) 3134628096 Escr\u00edbanos para darle asesor\u00eda personalizada","og_url":"https:\/\/sisaviacion.com\/en\/contacto\/","og_site_name":"SIS Aviaci\u00f3n","article_modified_time":"2025-12-03T20:38:46+00:00","og_image":[{"width":1280,"height":671,"url":"https:\/\/sisaviacion.com\/wp-content\/uploads\/2025\/12\/Sis-Aviacion.jpeg","type":"image\/jpeg"}],"twitter_card":"summary_large_image","schema":{"@context":"https:\/\/schema.org","@graph":[{"@type":"WebPage","@id":"https:\/\/sisaviacion.com\/contacto\/","url":"https:\/\/sisaviacion.com\/contacto\/","name":"Contacto - SIS Aviaci\u00f3n","isPartOf":{"@id":"https:\/\/sisaviacion.com\/#website"},"datePublished":"2025-11-29T19:42:38+00:00","dateModified":"2025-12-03T20:38:46+00:00","breadcrumb":{"@id":"https:\/\/sisaviacion.com\/contacto\/#breadcrumb"},"inLanguage":"en-US","potentialAction":[{"@type":"ReadAction","target":["https:\/\/sisaviacion.com\/contacto\/"]}]},{"@type":"BreadcrumbList","@id":"https:\/\/sisaviacion.com\/contacto\/#breadcrumb","itemListElement":[{"@type":"ListItem","position":1,"name":"Portada","item":"https:\/\/sisaviacion.com\/"},{"@type":"ListItem","position":2,"name":"Contacto"}]},{"@type":"WebSite","@id":"https:\/\/sisaviacion.com\/#website","url":"https:\/\/sisaviacion.com\/","name":"SIS AVIATION","description":"Committed to safe and reliable air operations","publisher":{"@id":"https:\/\/sisaviacion.com\/#organization"},"potentialAction":[{"@type":"SearchAction","target":{"@type":"EntryPoint","urlTemplate":"https:\/\/sisaviacion.com\/?s={search_term_string}"},"query-input":{"@type":"PropertyValueSpecification","valueRequired":true,"valueName":"search_term_string"}}],"inLanguage":"en-US"},{"@type":"Organization","@id":"https:\/\/sisaviacion.com\/#organization","name":"SIS AVIATION","url":"https:\/\/sisaviacion.com\/","logo":{"@type":"ImageObject","inLanguage":"en-US","@id":"https:\/\/sisaviacion.com\/#\/schema\/logo\/image\/","url":"https:\/\/sisaviacion.com\/wp-content\/uploads\/2025\/11\/Logo-SIS.png","contentUrl":"https:\/\/sisaviacion.com\/wp-content\/uploads\/2025\/11\/Logo-SIS.png","width":246,"height":57,"caption":"SIS Aviaci\u00f3n"},"image":{"@id":"https:\/\/sisaviacion.com\/#\/schema\/logo\/image\/"}}]}},"_hostinger_reach_plugin_has_subscription_block":false,"_hostinger_reach_plugin_is_elementor":false,"_links":{"self":[{"href":"https:\/\/sisaviacion.com\/en\/wp-json\/wp\/v2\/pages\/690","targetHints":{"allow":["GET"]}}],"collection":[{"href":"https:\/\/sisaviacion.com\/en\/wp-json\/wp\/v2\/pages"}],"about":[{"href":"https:\/\/sisaviacion.com\/en\/wp-json\/wp\/v2\/types\/page"}],"author":[{"embeddable":true,"href":"https:\/\/sisaviacion.com\/en\/wp-json\/wp\/v2\/users\/1"}],"replies":[{"embeddable":true,"href":"https:\/\/sisaviacion.com\/en\/wp-json\/wp\/v2\/comments?post=690"}],"version-history":[{"count":69,"href":"https:\/\/sisaviacion.com\/en\/wp-json\/wp\/v2\/pages\/690\/revisions"}],"predecessor-version":[{"id":1213,"href":"https:\/\/sisaviacion.com\/en\/wp-json\/wp\/v2\/pages\/690\/revisions\/1213"}],"wp:attachment":[{"href":"https:\/\/sisaviacion.com\/en\/wp-json\/wp\/v2\/media?parent=690"}],"curies":[{"name":"wp","href":"https:\/\/api.w.org\/{rel}","templated":true}]}}